{"id":7,"date":"2016-12-27T03:50:54","date_gmt":"2016-12-27T03:50:54","guid":{"rendered":"http:\/\/warageband.com\/?page_id=7"},"modified":"2022-08-18T13:16:42","modified_gmt":"2022-08-18T13:16:42","slug":"biografia","status":"publish","type":"page","link":"https:\/\/henriquepuccidrums.com\/site\/biografia\/","title":{"rendered":"Biografia"},"content":{"rendered":"<h1>Biografia<\/h1>\n<p>Endorsers:<br \/>\n<strong>Tama, Paiste, Aquarian Drumheads, Ahead Drumsticks, Axis pedals, SK8 Cases<\/strong><\/p>\n<p>Henrique Pucci \u00e9 atualmente um dos maiores bateristas de Heavy Metal do Brasil atualmente. Seu dinamismo, t\u00e9cnica e evolu\u00e7\u00e3o musical cont\u00ednua permitem que ele viaje por diferentes estilos, passando do metal progressivo do Noturnall, sua banda atual, para o hardcore do Paura, Clearview e Endrah, junto ao experimentalismo eletro-org\u00e2nico de Diva Muffin e bandas de metal tradicionais como Pompar\u00e7as (projeto paralelo de Marcello Pompeu do Korzus) e Fishook, al\u00e9m de possuir seu curso online, para baterista que visam o metal e estilos pesados.<\/p>\n<p>Entre os anos de 2011 e 2016, ele foi o baterista do Project46, uma das bandas de metal brasileiras mais influentes, tocando em grandes festivais como Monsters of Rock, Rock in Rio, Maquinaria e Maximus Festival.<\/p>\n<p>Formado em \u00e1udio e ferramentas profissionais no IAV, produziu dezenas de \u00e1lbuns de metal e hardcore em seu est\u00fadio em casa, que atualmente \u00e9 usado exclusivamente para seus pr\u00f3prios projetos.<\/p>\n<p>Quatro dos sete \u00e1lbuns que ele tocou bateria foram produzidos por ele mesmo.<\/p>\n<p>O ano de 2019 foi com o Noturnall, lan\u00e7ando a primeira m\u00fasica da banda, fazendo uma turn\u00ea na R\u00fassia com o Disturbed, Rock in Rio 2019, 2 videoclipes, turn\u00ea no Brasil com Mike Portnoy e drum videos.<\/p>\n<p>No momento, ele est\u00e1 gravando a bateria do pr\u00f3ximo \u00e1lbum do Noturnall a ser lan\u00e7ado em 2022 e se preparando para a pr\u00f3xima turn\u00ea europ\u00e9ia com o Sons of Apollo.<\/p>\n<p>A turn\u00ea da R\u00fassia e do Portnoy ser\u00e1 lan\u00e7ada em DVD no primeiro semestre de 2022.<\/p>\n<p>No total, Henrique gravou sete \u00e1lbuns, diversos clipes que podem ser encontrados no seu canal no Youtube <a href=\"https:\/\/youtube.com\/user\/henriquestudio1\" target=\"_blank\" rel=\"noopener\">youtube.com\/user\/henriquestudio1<\/a> cuja produ\u00e7\u00e3o de quatro deles foi assinada pelo m\u00fasico.<\/p>\n","protected":false},"excerpt":{"rendered":"<p>Biografia Endorsers: Tama, Paiste, Aquarian Drumheads, Ahead Drumsticks, Axis pedals, SK8 Cases Henrique Pucci \u00e9 atualmente um dos maiores bateristas de Heavy Metal do Brasil atualmente. Seu dinamismo, t\u00e9cnica e evolu\u00e7\u00e3o musical cont\u00ednua permitem que ele viaje por diferentes estilos, passando do metal progressivo do Noturnall, sua banda atual, para o hardcore do Paura, Clearview [&hellip;]<\/p>\n","protected":false},"author":1,"featured_media":0,"parent":0,"menu_order":0,"comment_status":"closed","ping_status":"closed","template":"","meta":{"footnotes":""},"class_list":["post-7","page","type-page","status-publish","hentry"],"_links":{"self":[{"href":"https:\/\/henriquepuccidrums.com\/site\/wp-json\/wp\/v2\/pages\/7","targetHints":{"allow":["GET"]}}],"collection":[{"href":"https:\/\/henriquepuccidrums.com\/site\/wp-json\/wp\/v2\/pages"}],"about":[{"href":"https:\/\/henriquepuccidrums.com\/site\/wp-json\/wp\/v2\/types\/page"}],"author":[{"embeddable":true,"href":"https:\/\/henriquepuccidrums.com\/site\/wp-json\/wp\/v2\/users\/1"}],"replies":[{"embeddable":true,"href":"https:\/\/henriquepuccidrums.com\/site\/wp-json\/wp\/v2\/comments?post=7"}],"version-history":[{"count":12,"href":"https:\/\/henriquepuccidrums.com\/site\/wp-json\/wp\/v2\/pages\/7\/revisions"}],"predecessor-version":[{"id":325,"href":"https:\/\/henriquepuccidrums.com\/site\/wp-json\/wp\/v2\/pages\/7\/revisions\/325"}],"wp:attachment":[{"href":"https:\/\/henriquepuccidrums.com\/site\/wp-json\/wp\/v2\/media?parent=7"}],"curies":[{"name":"wp","href":"https:\/\/api.w.org\/{rel}","templated":true}]}}